{"id":2622,"date":"2024-12-29T16:56:39","date_gmt":"2024-12-29T15:56:39","guid":{"rendered":"https:\/\/www.malucarne.fr\/?post_type=product&#038;p=2622"},"modified":"2025-06-08T15:47:14","modified_gmt":"2025-06-08T13:47:14","slug":"cours-yoga-sur-mesure","status":"publish","type":"product","link":"https:\/\/www.malucarne.fr\/index.php\/produit\/cours-yoga-sur-mesure\/","title":{"rendered":"Cours Yoga chez Vous"},"content":{"rendered":"<h3><strong>Yoga Sur Mesure \u00e0 Domicile \u2013 Cours Priv\u00e9s pour 4 Personnes Maximum<\/strong><\/h3>\n<p>D\u00e9couvrez le <strong>Yoga Sur Mesure<\/strong>, une exp\u00e9rience unique de yoga <strong>personnalis\u00e9e \u00e0 domicile<\/strong> pour un groupe de 4 personnes maximum. Ce cours flexible est con\u00e7u pour r\u00e9pondre aux besoins sp\u00e9cifiques et aux envies de chaque participant, tout en offrant l\u2019intimit\u00e9 d\u2019une pratique en petit groupe. Que vous soyez d\u00e9butants ou pratiquants avanc\u00e9s, notre approche sur mesure permet de travailler sur vos objectifs personnels et de vous accompagner vers un <strong>bien-\u00eatre profond<\/strong>.<\/p>\n<p>Avec le <strong>Yoga \u00e0 domicile<\/strong>, plus besoin de vous d\u00e9placer ! Profitez d&rsquo;une s\u00e9ance de yoga adapt\u00e9e \u00e0 votre emploi du temps et \u00e0 vos besoins, m\u00eame si notre planning en salle ou en yourte ne correspond pas \u00e0 vos horaires. Le <strong>Yoga Sur Mesure<\/strong> vous permet de b\u00e9n\u00e9ficier de cours priv\u00e9s o\u00f9 que vous soyez, et de profiter de l\u2019expertise d\u2019un professeur de yoga qui saura ajuster les postures et les techniques en fonction de votre niveau et de vos attentes.<\/p>\n<h3><strong>Les avantages du Yoga Sur Mesure \u00e0 Domicile<\/strong> :<\/h3>\n<ul>\n<li><strong>Cours de yoga personnalis\u00e9s<\/strong> pour chaque membre du groupe.<\/li>\n<li><strong>Maximum de 4 personnes<\/strong> pour une attention particuli\u00e8re \u00e0 chaque participant.<\/li>\n<li><strong>Flexibilit\u00e9 des horaires<\/strong> : s\u00e9ances adapt\u00e9es \u00e0 votre emploi du temps.<\/li>\n<li><strong>Yoga \u00e0 domicile<\/strong>, pour pratiquer sans se d\u00e9placer et dans un environnement confortable.<\/li>\n<li><strong>Bien-\u00eatre et s\u00e9r\u00e9nit\u00e9<\/strong> \u00e0 chaque s\u00e9ance, que vous soyez \u00e0 la maison ou ailleurs.<\/li>\n<li><strong>Accompagnement sur mesure<\/strong> pour r\u00e9pondre \u00e0 vos besoins sp\u00e9cifiques (soulagement de la douleur, relaxation, am\u00e9lioration de la souplesse, etc.).<\/li>\n<\/ul>\n<p>Prenez soin de votre corps et de votre esprit avec <strong>le Yoga Sur Mesure<\/strong> : une pratique douce et efficace qui s\u2019adapte \u00e0 vous, vos envies et votre rythme. <strong>R\u00e9servez votre s\u00e9ance de yoga priv\u00e9 \u00e0 domicile<\/strong> d\u00e8s maintenant et retrouvez votre \u00e9quilibre int\u00e9rieur, tout en restant chez vous.<\/p>\n","protected":false},"excerpt":{"rendered":"<p>Yoga Sur Mesure \u00e0 Domicile \u2013 Cours Priv\u00e9s pour 4 Personnes Maximum D\u00e9couvrez le Yoga Sur Mesure, une exp\u00e9rience unique de yoga personnalis\u00e9e \u00e0 domicile pour un groupe de 4 personnes maximum. Ce cours flexible est con\u00e7u pour r\u00e9pondre aux besoins sp\u00e9cifiques et aux envies de chaque participant, tout en offrant l\u2019intimit\u00e9 d\u2019une pratique en petit groupe. Que vous soyez d\u00e9butants ou pratiquants avanc\u00e9s, notre approche sur mesure permet de travailler sur vos objectifs personnels et de vous accompagner vers un bien-\u00eatre profond. Avec le Yoga \u00e0 domicile, plus besoin de vous d\u00e9placer ! Profitez d&rsquo;une s\u00e9ance de yoga adapt\u00e9e \u00e0 votre emploi du temps et \u00e0 vos besoins, m\u00eame si notre planning en salle ou en yourte ne correspond pas \u00e0 vos horaires. Le Yoga Sur Mesure vous permet de b\u00e9n\u00e9ficier de cours priv\u00e9s o\u00f9 que vous soyez, et de profiter de l\u2019expertise d\u2019un professeur de yoga qui saura ajuster les postures et les techniques en fonction de votre niveau et de vos attentes. Les avantages du Yoga Sur Mesure \u00e0 Domicile : Cours de yoga personnalis\u00e9s pour chaque membre du groupe. Maximum de 4 personnes pour une attention particuli\u00e8re \u00e0 chaque participant. Flexibilit\u00e9 des horaires : s\u00e9ances adapt\u00e9es \u00e0 votre emploi du temps. Yoga \u00e0 domicile, pour pratiquer sans se d\u00e9placer et dans un environnement confortable. Bien-\u00eatre et s\u00e9r\u00e9nit\u00e9 \u00e0 chaque s\u00e9ance, que vous soyez \u00e0 la maison ou ailleurs. Accompagnement sur mesure pour r\u00e9pondre \u00e0 vos besoins sp\u00e9cifiques (soulagement de la douleur, relaxation, am\u00e9lioration de la souplesse, etc.). Prenez soin de votre corps et de votre esprit avec le Yoga Sur Mesure : une pratique douce et efficace qui s\u2019adapte \u00e0 vous, vos envies et votre rythme. R\u00e9servez votre s\u00e9ance de yoga priv\u00e9 \u00e0 domicile d\u00e8s maintenant et retrouvez votre \u00e9quilibre int\u00e9rieur, tout en restant chez vous.<\/p>\n","protected":false},"featured_media":2684,"comment_status":"open","ping_status":"closed","template":"","meta":{"jetpack_post_was_ever_published":false,"jetpack_publicize_message":"","jetpack_publicize_feature_enabled":true,"jetpack_social_post_already_shared":true,"jetpack_social_options":{"image_generator_settings":{"template":"highway","default_image_id":0,"font":"","enabled":false},"version":2}},"product_brand":[],"product_cat":[271],"product_tag":[258,260,259,261,264,262,263,257],"class_list":{"0":"post-2622","1":"product","2":"type-product","3":"status-publish","4":"has-post-thumbnail","6":"product_cat-a-l-unite","7":"product_tag-a-domicile","8":"product_tag-bien-etre","9":"product_tag-chez-soi","10":"product_tag-flexible","11":"product_tag-personnalises","12":"product_tag-prive-a-domicile","13":"product_tag-serenite","14":"product_tag-yoga-sur-mesure","16":"first","17":"instock","18":"virtual","19":"purchasable","20":"product-type-simple"},"jetpack_publicize_connections":[],"jetpack_sharing_enabled":true,"_links":{"self":[{"href":"https:\/\/www.malucarne.fr\/index.php\/wp-json\/wp\/v2\/product\/2622","targetHints":{"allow":["GET"]}}],"collection":[{"href":"https:\/\/www.malucarne.fr\/index.php\/wp-json\/wp\/v2\/product"}],"about":[{"href":"https:\/\/www.malucarne.fr\/index.php\/wp-json\/wp\/v2\/types\/product"}],"replies":[{"embeddable":true,"href":"https:\/\/www.malucarne.fr\/index.php\/wp-json\/wp\/v2\/comments?post=2622"}],"wp:featuredmedia":[{"embeddable":true,"href":"https:\/\/www.malucarne.fr\/index.php\/wp-json\/wp\/v2\/media\/2684"}],"wp:attachment":[{"href":"https:\/\/www.malucarne.fr\/index.php\/wp-json\/wp\/v2\/media?parent=2622"}],"wp:term":[{"taxonomy":"product_brand","embeddable":true,"href":"https:\/\/www.malucarne.fr\/index.php\/wp-json\/wp\/v2\/product_brand?post=2622"},{"taxonomy":"product_cat","embeddable":true,"href":"https:\/\/www.malucarne.fr\/index.php\/wp-json\/wp\/v2\/product_cat?post=2622"},{"taxonomy":"product_tag","embeddable":true,"href":"https:\/\/www.malucarne.fr\/index.php\/wp-json\/wp\/v2\/product_tag?post=2622"}],"curies":[{"name":"wp","href":"https:\/\/api.w.org\/{rel}","templated":true}]}}