{"id":596,"date":"2019-10-16T08:15:10","date_gmt":"2019-10-16T06:15:10","guid":{"rendered":"https:\/\/www.malucarne.fr\/?page_id=596"},"modified":"2024-09-19T13:42:11","modified_gmt":"2024-09-19T11:42:11","slug":"ou-trouver-ma-lucarne","status":"publish","type":"page","link":"https:\/\/www.malucarne.fr\/index.php\/ou-trouver-ma-lucarne\/","title":{"rendered":"O\u00f9 trouver Ma Lucarne."},"content":{"rendered":"\n<p class=\"has-text-align-center has-medium-font-size\">Actuellement en fin de formation, je n&rsquo;ai pas encore de lieu permanent pour mes cours de yoga. Cependant, j&rsquo;ai le plaisir de vous annoncer que j&rsquo;ai trouv\u00e9 un bel endroit paisible au Barp, &lsquo;La Yourte \u00e0 Nous&rsquo;. Ce lieu chaleureux m&rsquo;accueille pour pratiquer ensemble chaque mardi de 19h \u00e0 20h, au chemin de Sarroc, 33114 Le Barp.<\/p>\n\n\n\n<p><a href=\"https:\/\/waze.com\/ul\/hezzqp4900\" target=\"_blank\" rel=\"noreferrer noopener\"><\/a><\/p>\n\n\n\n<div class=\"wp-block-buttons is-content-justification-center is-layout-flex wp-container-core-buttons-is-layout-16018d1d wp-block-buttons-is-layout-flex\">\n<div class=\"wp-block-button is-style-outline is-style-outline--1\"><a class=\"wp-block-button__link has-text-align-center wp-element-button\" href=\"https:\/\/waze.com\/ul\/hezzqp4900\">M&rsquo;y rendre!<\/a><\/div>\n<\/div>\n\n\n\n<p><a href=\"https:\/\/waze.com\/ul\/hezzqp4900\" target=\"_blank\" rel=\"noreferrer noopener\"><\/a><\/p>\n\n\n\n<p class=\"has-text-align-center has-medium-font-size\">Au plaisir de vous retrouver tr\u00e8s bient\u00f4t !<\/p>\n\n\n\n<p><\/p>\n\n\n<p><!--StartFragment--><\/p>","protected":false},"excerpt":{"rendered":"<p>Actuellement en fin de formation, je n&rsquo;ai pas encore de lieu permanent pour mes cours de yoga. Cependant, j&rsquo;ai le plaisir de vous annoncer que j&rsquo;ai trouv\u00e9 un bel endroit paisible au Barp, &lsquo;La Yourte \u00e0 Nous&rsquo;. Ce lieu chaleureux m&rsquo;accueille pour pratiquer ensemble chaque mardi de 19h \u00e0 20h, au chemin de Sarroc, 33114 Le Barp. Au plaisir de vous retrouver tr\u00e8s bient\u00f4t !<\/p>\n","protected":false},"author":1,"featured_media":0,"parent":0,"menu_order":0,"comment_status":"closed","ping_status":"closed","template":"","meta":{"jetpack_post_was_ever_published":false,"footnotes":""},"class_list":["post-596","page","type-page","status-publish","hentry"],"jetpack_sharing_enabled":true,"jetpack_shortlink":"https:\/\/wp.me\/PaSvKR-9C","_links":{"self":[{"href":"https:\/\/www.malucarne.fr\/index.php\/wp-json\/wp\/v2\/pages\/596","targetHints":{"allow":["GET"]}}],"collection":[{"href":"https:\/\/www.malucarne.fr\/index.php\/wp-json\/wp\/v2\/pages"}],"about":[{"href":"https:\/\/www.malucarne.fr\/index.php\/wp-json\/wp\/v2\/types\/page"}],"author":[{"embeddable":true,"href":"https:\/\/www.malucarne.fr\/index.php\/wp-json\/wp\/v2\/users\/1"}],"replies":[{"embeddable":true,"href":"https:\/\/www.malucarne.fr\/index.php\/wp-json\/wp\/v2\/comments?post=596"}],"version-history":[{"count":8,"href":"https:\/\/www.malucarne.fr\/index.php\/wp-json\/wp\/v2\/pages\/596\/revisions"}],"predecessor-version":[{"id":2512,"href":"https:\/\/www.malucarne.fr\/index.php\/wp-json\/wp\/v2\/pages\/596\/revisions\/2512"}],"wp:attachment":[{"href":"https:\/\/www.malucarne.fr\/index.php\/wp-json\/wp\/v2\/media?parent=596"}],"curies":[{"name":"wp","href":"https:\/\/api.w.org\/{rel}","templated":true}]}}