{"id":2869,"date":"2025-10-28T13:23:40","date_gmt":"2025-10-28T12:23:40","guid":{"rendered":"https:\/\/www.malucarne.fr\/?page_id=2869"},"modified":"2025-10-28T13:28:45","modified_gmt":"2025-10-28T12:28:45","slug":"lheritage-de-la-maison","status":"publish","type":"page","link":"https:\/\/www.malucarne.fr\/index.php\/lheritage-de-la-maison\/","title":{"rendered":"L\u2019H\u00e9ritage de la Maison"},"content":{"rendered":"\n<p>ous entrez dans le c\u0153ur magique de Maison Luluberlue : un univers o\u00f9 les objets murmurent, o\u00f9 les meubles veillent et o\u00f9 chaque pi\u00e8ce semble avoir \u00e9t\u00e9 d\u00e9pos\u00e9e l\u00e0 par un sortil\u00e8ge bienveillant. Laissez-vous guider par votre intuition et choisissez ce qui r\u00e9sonne avec votre \u00e2me et celle de votre maison.<\/p>\n\n\n\n<figure class=\"wp-block-image size-large\"><img loading=\"lazy\" decoding=\"async\" width=\"724\" height=\"1024\" src=\"https:\/\/www.malucarne.fr\/wp-content\/uploads\/2025\/10\/Mission-terminee-a-la-ferme-\u2026-il-cherche-une-nouvelle-ferme-724x1024.png\" alt=\"\" class=\"wp-image-2873\" srcset=\"https:\/\/www.malucarne.fr\/wp-content\/uploads\/2025\/10\/Mission-terminee-a-la-ferme-\u2026-il-cherche-une-nouvelle-ferme-724x1024.png 724w, https:\/\/www.malucarne.fr\/wp-content\/uploads\/2025\/10\/Mission-terminee-a-la-ferme-\u2026-il-cherche-une-nouvelle-ferme-212x300.png 212w, https:\/\/www.malucarne.fr\/wp-content\/uploads\/2025\/10\/Mission-terminee-a-la-ferme-\u2026-il-cherche-une-nouvelle-ferme-768x1086.png 768w, https:\/\/www.malucarne.fr\/wp-content\/uploads\/2025\/10\/Mission-terminee-a-la-ferme-\u2026-il-cherche-une-nouvelle-ferme-1086x1536.png 1086w, https:\/\/www.malucarne.fr\/wp-content\/uploads\/2025\/10\/Mission-terminee-a-la-ferme-\u2026-il-cherche-une-nouvelle-ferme-1140x1612.png 1140w, https:\/\/www.malucarne.fr\/wp-content\/uploads\/2025\/10\/Mission-terminee-a-la-ferme-\u2026-il-cherche-une-nouvelle-ferme-600x849.png 600w, https:\/\/www.malucarne.fr\/wp-content\/uploads\/2025\/10\/Mission-terminee-a-la-ferme-\u2026-il-cherche-une-nouvelle-ferme.png 1414w\" sizes=\"auto, (max-width: 724px) 100vw, 724px\" \/><\/figure>\n","protected":false},"excerpt":{"rendered":"<p>ous entrez dans le c\u0153ur magique de Maison Luluberlue : un univers o\u00f9 les objets murmurent, o\u00f9 les meubles veillent et o\u00f9 chaque pi\u00e8ce semble avoir \u00e9t\u00e9 d\u00e9pos\u00e9e l\u00e0 par un sortil\u00e8ge bienveillant. Laissez-vous guider par votre intuition et choisissez ce qui r\u00e9sonne avec votre \u00e2me et celle de votre maison.<\/p>\n","protected":false},"author":1,"featured_media":0,"parent":0,"menu_order":0,"comment_status":"closed","ping_status":"closed","template":"","meta":{"jetpack_post_was_ever_published":false,"footnotes":""},"class_list":["post-2869","page","type-page","status-publish","hentry"],"jetpack_sharing_enabled":true,"jetpack_shortlink":"https:\/\/wp.me\/PaSvKR-Kh","_links":{"self":[{"href":"https:\/\/www.malucarne.fr\/index.php\/wp-json\/wp\/v2\/pages\/2869","targetHints":{"allow":["GET"]}}],"collection":[{"href":"https:\/\/www.malucarne.fr\/index.php\/wp-json\/wp\/v2\/pages"}],"about":[{"href":"https:\/\/www.malucarne.fr\/index.php\/wp-json\/wp\/v2\/types\/page"}],"author":[{"embeddable":true,"href":"https:\/\/www.malucarne.fr\/index.php\/wp-json\/wp\/v2\/users\/1"}],"replies":[{"embeddable":true,"href":"https:\/\/www.malucarne.fr\/index.php\/wp-json\/wp\/v2\/comments?post=2869"}],"version-history":[{"count":3,"href":"https:\/\/www.malucarne.fr\/index.php\/wp-json\/wp\/v2\/pages\/2869\/revisions"}],"predecessor-version":[{"id":2874,"href":"https:\/\/www.malucarne.fr\/index.php\/wp-json\/wp\/v2\/pages\/2869\/revisions\/2874"}],"wp:attachment":[{"href":"https:\/\/www.malucarne.fr\/index.php\/wp-json\/wp\/v2\/media?parent=2869"}],"curies":[{"name":"wp","href":"https:\/\/api.w.org\/{rel}","templated":true}]}}